{"id":226,"date":"2023-10-22T11:18:15","date_gmt":"2023-10-22T03:18:15","guid":{"rendered":"https:\/\/3i3c.cn\/?page_id=226"},"modified":"2025-09-07T02:05:43","modified_gmt":"2025-09-06T18:05:43","slug":"message","status":"publish","type":"page","link":"https:\/\/bwcxbk.com\/fr\/message","title":{"rendered":"tableau d'affichage"},"content":{"rendered":"<p>\u00a0C'est l'endroit \u00e0 utiliser pour laisser un message au blogueur Sean.<\/p>\n\n\n\n<p>Vous pouvez vous exprimer librement ici.<\/p>\n\n\n\n<p>Partagez votre opinion, nous pouvons exprimer nos v\u00e9ritables pens\u00e9es int\u00e9rieures sur l'internet.<\/p>","protected":false},"excerpt":{"rendered":"<p>\u00a0C'est l'endroit \u00e0 utiliser pour laisser des commentaires sur le blogueur Sean. Vous pouvez dire ce que vous voulez ici. Partagez votre opinion sur le fait que nous pouvons exprimer notre [...] int\u00e9rieur sur Internet.<\/p>","protected":false},"author":1,"featured_media":0,"parent":0,"menu_order":0,"comment_status":"open","ping_status":"closed","template":"","meta":{"footnotes":""},"class_list":["post-226","page","type-page","status-publish","hentry"],"_links":{"self":[{"href":"https:\/\/bwcxbk.com\/fr\/wp-json\/wp\/v2\/pages\/226","targetHints":{"allow":["GET"]}}],"collection":[{"href":"https:\/\/bwcxbk.com\/fr\/wp-json\/wp\/v2\/pages"}],"about":[{"href":"https:\/\/bwcxbk.com\/fr\/wp-json\/wp\/v2\/types\/page"}],"author":[{"embeddable":true,"href":"https:\/\/bwcxbk.com\/fr\/wp-json\/wp\/v2\/users\/1"}],"replies":[{"embeddable":true,"href":"https:\/\/bwcxbk.com\/fr\/wp-json\/wp\/v2\/comments?post=226"}],"version-history":[{"count":1,"href":"https:\/\/bwcxbk.com\/fr\/wp-json\/wp\/v2\/pages\/226\/revisions"}],"predecessor-version":[{"id":634,"href":"https:\/\/bwcxbk.com\/fr\/wp-json\/wp\/v2\/pages\/226\/revisions\/634"}],"wp:attachment":[{"href":"https:\/\/bwcxbk.com\/fr\/wp-json\/wp\/v2\/media?parent=226"}],"curies":[{"name":"wp","href":"https:\/\/api.w.org\/{rel}","templated":true}]}}